{"id":4688,"date":"2024-06-02T21:14:49","date_gmt":"2024-06-02T19:14:49","guid":{"rendered":"http:\/\/falguero.com\/politique-de-confidentialite\/"},"modified":"2024-09-24T16:13:51","modified_gmt":"2024-09-24T14:13:51","slug":"politique-de-confidentialite","status":"publish","type":"page","link":"https:\/\/falguero.com\/fr\/politique-de-confidentialite\/","title":{"rendered":"Politique de confidentialit\u00e9"},"content":{"rendered":"\t\t<div data-elementor-type=\"wp-page\" data-elementor-id=\"4688\" class=\"elementor elementor-4688 elementor-2499\" data-elementor-post-type=\"page\">\n\t\t\t\t<div class=\"elementor-element elementor-element-484b34ab e-flex e-con-boxed e-con e-parent\" data-id=\"484b34ab\" data-element_type=\"container\" data-e-type=\"container\">\n\t\t\t\t\t<div class=\"e-con-inner\">\n\t\t\t\t<div class=\"elementor-element elementor-element-3b525f19 elementor-widget elementor-widget-text-editor\" data-id=\"3b525f19\" data-element_type=\"widget\" data-e-type=\"widget\" data-widget_type=\"text-editor.default\">\n\t\t\t\t<div class=\"elementor-widget-container\">\n\t\t\t\t\t\t\t\t\t<div class=\"text-xl prose\">\n<h1><strong>POLITIQUE DE CONFIDENTIALIT\u00c9<\/strong><\/h1>\n<p class=\"pt-3 text-xl uppercase border-t\">Bienvenue \u00e0 <strong>EL FALGUER\u00d3 VALLEY VIEW<\/strong>! Cette politique de confidentialit\u00e9 d\u00e9crit la mani\u00e8re dont nous recueillons, utilisons, partageons et prot\u00e9geons les informations personnelles que vous nous fournissez par l&rsquo;interm\u00e9diaire de ce site web.<br \/>\nNous accordons de l&rsquo;importance \u00e0 votre vie priv\u00e9e et voulons nous assurer que vous comprenez comment nous traitons vos informations. <\/p>\n<\/div>\n<div class=\"grid grid-flow-row mt-12\">\n<div id=\"informacion-que-recopilamos\" class=\"grid grid-flow-row pt-20 gap-y-6\">\n<h3 class=\"pt-3 text-xl uppercase border-t\">1. LES INFORMATIONS QUE NOUS RECUEILLONS<\/h3>\n<div class=\"text-base prose\">\n<p>Nous recueillons diverses informations personnelles que vous nous fournissez volontairement, telles que votre nom, votre adresse \u00e9lectronique, votre num\u00e9ro de t\u00e9l\u00e9phone, vos pr\u00e9f\u00e9rences en mati\u00e8re de logement et tout autre d\u00e9tail que vous nous fournissez par le biais du formulaire de contact ou de l&rsquo;inscription sur le site web.<\/p>\n<\/div>\n<\/div>\n<div id=\"uso-de-la-informacion\" class=\"grid grid-flow-row pt-20 gap-y-6\">\n<h3 class=\"pt-3 text-xl uppercase border-t\">2. L&rsquo;UTILISATION DES INFORMATIONS<\/h3>\n<div class=\"text-base prose\">\n<p>Nous utilisons les informations que nous recueillons aux fins suivantes :<\/p>\n<ul>\n<li>vous contacter et r\u00e9pondre \u00e0 vos questions ou demandes.<\/li>\n<li>Vous fournir des informations sur le programme immobilier et ses services.<\/li>\n<li>traiter votre inscription et g\u00e9rer votre participation aux activit\u00e9s li\u00e9es \u00e0 la promotion.<\/li>\n<li>Am\u00e9liorer nos services et offrir une exp\u00e9rience personnalis\u00e9e.<\/li>\n<\/ul>\n<\/div>\n<\/div>\n<div id=\"compartir-la-informacion\" class=\"grid grid-flow-row pt-20 gap-y-6\">\n<h3 class=\"pt-3 text-xl uppercase border-t\">3. L&rsquo;\u00c9CHANGE D&rsquo;INFORMATIONS<\/h3>\n<div class=\"text-base prose\">\n<p>Nous pouvons partager vos informations personnelles avec les parties suivantes :<\/p>\n<ul>\n<li>Agents et prestataires de services qui nous assistent dans la gestion de la promotion immobili\u00e8re, tels que les agences de publicit\u00e9 ou les soci\u00e9t\u00e9s de gestion de donn\u00e9es.<\/li>\n<li>Les autorit\u00e9s comp\u00e9tentes dans les cas o\u00f9 nous sommes l\u00e9galement oblig\u00e9s de le faire ou pour prot\u00e9ger nos droits l\u00e9gaux.<\/li>\n<\/ul>\n<\/div>\n<\/div>\n<div id=\"cookies-y-tecnologias-similares\" class=\"grid grid-flow-row pt-20 gap-y-6\">\n<h3 class=\"pt-3 text-xl uppercase border-t\">4. COOKIES ET TECHNOLOGIES SIMILAIRES<\/h3>\n<div class=\"text-base prose\">\n<p>Nous utilisons des cookies et d&rsquo;autres technologies de suivi pour collecter des informations sur la mani\u00e8re dont vous utilisez notre site web.<br \/>\nCela nous permet d&rsquo;am\u00e9liorer votre exp\u00e9rience de navigation et de personnaliser le contenu.<br \/>\nVous pouvez g\u00e9rer vos pr\u00e9f\u00e9rences en mati\u00e8re de cookies dans les param\u00e8tres de votre navigateur.  <\/p>\n<\/div>\n<\/div>\n<div id=\"seguridad-de-la-informacion\" class=\"grid grid-flow-row pt-20 gap-y-6\">\n<h3 class=\"pt-3 text-xl uppercase border-t\">5. LA S\u00c9CURIT\u00c9 DE L&rsquo;INFORMATION<\/h3>\n<div class=\"text-base prose\">\n<p>Nous prendrons des mesures appropri\u00e9es pour prot\u00e9ger vos informations personnelles contre l&rsquo;acc\u00e8s, la divulgation ou la modification non autoris\u00e9s.<br \/>\nVeuillez toutefois noter qu&rsquo;aucun syst\u00e8me de transmission ou de stockage de donn\u00e9es en ligne n&rsquo;est s\u00fbr \u00e0 100 %. <\/p>\n<\/div>\n<\/div>\n<div id=\"enlaces-a-terceros\" class=\"grid grid-flow-row pt-20 gap-y-6\">\n<h3 class=\"pt-3 text-xl uppercase border-t\">6. LIENS AVEC DES TIERS<\/h3>\n<div class=\"text-base prose\">\n<p>Notre site web peut contenir des liens vers des sites web de tiers.<br \/>\nNous n&rsquo;avons aucun contr\u00f4le sur leurs politiques de confidentialit\u00e9 et ne sommes pas responsables de leurs pratiques en mati\u00e8re de collecte de donn\u00e9es.<br \/>\nNous vous recommandons de consulter leurs propres politiques de confidentialit\u00e9 avant de leur fournir vos informations personnelles.  <\/p>\n<\/div>\n<\/div>\n<div id=\"derechos-de-privacidad\" class=\"grid grid-flow-row pt-20 gap-y-6\">\n<h3 class=\"pt-3 text-xl uppercase border-t\">7. DROIT \u00c0 LA VIE PRIV\u00c9E<\/h3>\n<div class=\"text-base prose\">\n<p>Vous pouvez exercer vos droits en mati\u00e8re de protection de la vie priv\u00e9e, y compris l&rsquo;acc\u00e8s, la rectification et la suppression de vos donn\u00e9es \u00e0 caract\u00e8re personnel.<br \/>\nPour ce faire, veuillez nous contacter en utilisant les coordonn\u00e9es indiqu\u00e9es \u00e0 la fin de la pr\u00e9sente politique. <\/p>\n<\/div>\n<\/div>\n<div id=\"cambios-en-la-politica-de-privacidad\" class=\"grid grid-flow-row pt-20 gap-y-6\">\n<h3 class=\"pt-3 text-xl uppercase border-t\">8. MODIFICATIONS DE LA POLITIQUE DE CONFIDENTIALIT\u00c9<\/h3>\n<div class=\"text-base prose\">\n<p>La pr\u00e9sente politique de confidentialit\u00e9 peut \u00eatre mise \u00e0 jour de temps \u00e0 autre.<br \/>\nNous publierons les mises \u00e0 jour sur ce site web et vous informerons de tout changement pertinent.<br \/>\nVeillez \u00e0 consulter r\u00e9guli\u00e8rement cette politique pour rester inform\u00e9.  <\/p>\n<\/div>\n<\/div>\n<div id=\"contacto\" class=\"grid grid-flow-row pt-20 gap-y-6\">\n<h3 class=\"pt-3 text-xl uppercase border-t\">9. CONTACT<\/h3>\n<div class=\"text-base prose\">\n<p>Si vous avez des questions ou des pr\u00e9occupations concernant cette politique de confidentialit\u00e9 ou le traitement de vos donn\u00e9es personnelles, n&rsquo;h\u00e9sitez pas \u00e0 nous contacter par les moyens de contact suivants :<\/p>\n<p>Avinguda Meritxell numero 9, planta 6, despatx 6.5-6.8, AD500, Andorra la Vella.<strong>info@falguero.com<\/strong> +376 37 20 23<\/p>\n<\/div>\n<\/div>\n<\/div>\n\t\t\t\t\t\t\t\t<\/div>\n\t\t\t\t<\/div>\n\t\t\t\t\t<\/div>\n\t\t\t\t<\/div>\n\t\t\t\t<\/div>\n\t\t","protected":false},"excerpt":{"rendered":"<p>POLITIQUE DE CONFIDENTIALIT\u00c9 Bienvenue \u00e0 EL FALGUER\u00d3 VALLEY VIEW! Cette politique de confidentialit\u00e9 d\u00e9crit la mani\u00e8re dont nous recueillons, utilisons, partageons et prot\u00e9geons les informations personnelles que vous nous fournissez par l&rsquo;interm\u00e9diaire de ce site web. Nous accordons de l&rsquo;importance \u00e0 votre vie priv\u00e9e et voulons nous assurer que vous comprenez comment nous traitons vos [&hellip;]<\/p>\n","protected":false},"author":2,"featured_media":0,"parent":0,"menu_order":0,"comment_status":"closed","ping_status":"closed","template":"","meta":{"footnotes":""},"class_list":["post-4688","page","type-page","status-publish","hentry"],"_links":{"self":[{"href":"https:\/\/falguero.com\/fr\/wp-json\/wp\/v2\/pages\/4688","targetHints":{"allow":["GET"]}}],"collection":[{"href":"https:\/\/falguero.com\/fr\/wp-json\/wp\/v2\/pages"}],"about":[{"href":"https:\/\/falguero.com\/fr\/wp-json\/wp\/v2\/types\/page"}],"author":[{"embeddable":true,"href":"https:\/\/falguero.com\/fr\/wp-json\/wp\/v2\/users\/2"}],"replies":[{"embeddable":true,"href":"https:\/\/falguero.com\/fr\/wp-json\/wp\/v2\/comments?post=4688"}],"version-history":[{"count":3,"href":"https:\/\/falguero.com\/fr\/wp-json\/wp\/v2\/pages\/4688\/revisions"}],"predecessor-version":[{"id":5054,"href":"https:\/\/falguero.com\/fr\/wp-json\/wp\/v2\/pages\/4688\/revisions\/5054"}],"wp:attachment":[{"href":"https:\/\/falguero.com\/fr\/wp-json\/wp\/v2\/media?parent=4688"}],"curies":[{"name":"wp","href":"https:\/\/api.w.org\/{rel}","templated":true}]}}