{"id":4680,"date":"2024-05-29T12:40:41","date_gmt":"2024-05-29T10:40:41","guid":{"rendered":"http:\/\/falguero.com\/andorre\/"},"modified":"2024-10-03T17:12:05","modified_gmt":"2024-10-03T15:12:05","slug":"andorre","status":"publish","type":"page","link":"https:\/\/falguero.com\/fr\/andorre\/","title":{"rendered":"Andorre"},"content":{"rendered":"\t\t<div data-elementor-type=\"wp-page\" data-elementor-id=\"4680\" class=\"elementor elementor-4680 elementor-2370\" data-elementor-post-type=\"page\">\n\t\t\t\t<div class=\"elementor-element elementor-element-6dfb7a6 e-flex e-con-boxed e-con e-parent\" data-id=\"6dfb7a6\" data-element_type=\"container\" data-e-type=\"container\" data-settings=\"{&quot;background_background&quot;:&quot;classic&quot;}\">\n\t\t\t\t\t<div class=\"e-con-inner\">\n\t\t\t\t<div class=\"elementor-element elementor-element-ba528bd elementor-hidden-desktop elementor-hidden-tablet elementor-invisible elementor-widget elementor-widget-text-editor\" data-id=\"ba528bd\" data-element_type=\"widget\" data-e-type=\"widget\" data-settings=\"{&quot;_animation&quot;:&quot;fadeInUp&quot;}\" data-widget_type=\"text-editor.default\">\n\t\t\t\t<div class=\"elementor-widget-container\">\n\t\t\t\t\t\t\t\t\t<h2 style=\"text-align: center;\"><span style=\"font-size: 26px; letter-spacing: 10px; font-weight: 400;\">EL FALGUER\u00d3<\/span><br \/><span style=\"font-size: 45px; display: block;\">ANDORRA<\/span><\/h2>\n\t\t\t\t\t\t\t\t<\/div>\n\t\t\t\t<\/div>\n\t\t\t\t<div class=\"elementor-element elementor-element-bcf3130 elementor-hidden-tablet elementor-hidden-mobile elementor-invisible elementor-widget elementor-widget-text-editor\" data-id=\"bcf3130\" data-element_type=\"widget\" data-e-type=\"widget\" data-settings=\"{&quot;_animation&quot;:&quot;fadeInUp&quot;}\" data-widget_type=\"text-editor.default\">\n\t\t\t\t<div class=\"elementor-widget-container\">\n\t\t\t\t\t\t\t\t\t<h1>\n  <span style=\"font-size: 36px; letter-spacing: 10px; font-weight: 400;\">El Falguer\u00f3<\/span><span style=\"font-size: 85px; display: block;\">Andorra<\/span>\n<\/h1>\t\t\t\t\t\t\t\t<\/div>\n\t\t\t\t<\/div>\n\t\t\t\t\t<\/div>\n\t\t\t\t<\/div>\n\t\t<div class=\"elementor-element elementor-element-5fa4a3e e-con-full e-flex e-con e-parent\" data-id=\"5fa4a3e\" data-element_type=\"container\" data-e-type=\"container\" data-settings=\"{&quot;background_background&quot;:&quot;classic&quot;}\">\n\t\t<div class=\"elementor-element elementor-element-8346b3f e-con-full e-flex e-con e-child\" data-id=\"8346b3f\" data-element_type=\"container\" data-e-type=\"container\">\n\t\t<div class=\"elementor-element elementor-element-9ae3ee8 e-con-full e-flex elementor-invisible e-con e-child\" data-id=\"9ae3ee8\" data-element_type=\"container\" data-e-type=\"container\" data-settings=\"{&quot;animation&quot;:&quot;fadeInUp&quot;}\">\n\t\t\t\t<div class=\"elementor-element elementor-element-d091159 elementor-widget elementor-widget-image\" data-id=\"d091159\" data-element_type=\"widget\" data-e-type=\"widget\" data-widget_type=\"image.default\">\n\t\t\t\t<div class=\"elementor-widget-container\">\n\t\t\t\t\t\t\t\t\t\t\t\t\t\t\t<img fetchpriority=\"high\" decoding=\"async\" width=\"800\" height=\"454\" src=\"https:\/\/falguero.com\/wp-content\/uploads\/2024\/04\/andorra010-1024x581.png\" class=\"attachment-large size-large wp-image-1244\" alt=\"\" srcset=\"https:\/\/falguero.com\/wp-content\/uploads\/2024\/04\/andorra010-1024x581.png 1024w, https:\/\/falguero.com\/wp-content\/uploads\/2024\/04\/andorra010-300x170.png 300w, https:\/\/falguero.com\/wp-content\/uploads\/2024\/04\/andorra010-768x436.png 768w, https:\/\/falguero.com\/wp-content\/uploads\/2024\/04\/andorra010.png 1200w\" sizes=\"(max-width: 800px) 100vw, 800px\" \/>\t\t\t\t\t\t\t\t\t\t\t\t\t\t\t<\/div>\n\t\t\t\t<\/div>\n\t\t\t\t<div class=\"elementor-element elementor-element-1787acb elementor-widget elementor-widget-image\" data-id=\"1787acb\" data-element_type=\"widget\" data-e-type=\"widget\" data-widget_type=\"image.default\">\n\t\t\t\t<div class=\"elementor-widget-container\">\n\t\t\t\t\t\t\t\t\t\t\t\t\t\t\t<img decoding=\"async\" width=\"800\" height=\"454\" data-src=\"https:\/\/falguero.com\/wp-content\/uploads\/2024\/04\/andorra02-1-1024x581.png\" class=\"attachment-large size-large wp-image-5688 lazyload\" alt=\"a person standing in a grassy area with a lake in the background\" data-srcset=\"https:\/\/falguero.com\/wp-content\/uploads\/2024\/04\/andorra02-1-1024x581.png 1024w, https:\/\/falguero.com\/wp-content\/uploads\/2024\/04\/andorra02-1-300x170.png 300w, https:\/\/falguero.com\/wp-content\/uploads\/2024\/04\/andorra02-1-768x436.png 768w, https:\/\/falguero.com\/wp-content\/uploads\/2024\/04\/andorra02-1.png 1200w\" data-sizes=\"(max-width: 800px) 100vw, 800px\" src=\"data:image\/svg+xml;base64,PHN2ZyB3aWR0aD0iMSIgaGVpZ2h0PSIxIiB4bWxucz0iaHR0cDovL3d3dy53My5vcmcvMjAwMC9zdmciPjwvc3ZnPg==\" style=\"--smush-placeholder-width: 800px; --smush-placeholder-aspect-ratio: 800\/454;\" \/>\t\t\t\t\t\t\t\t\t\t\t\t\t\t\t<\/div>\n\t\t\t\t<\/div>\n\t\t\t\t<\/div>\n\t\t<div class=\"elementor-element elementor-element-e7e9b04 e-con-full animated-slow e-flex elementor-invisible e-con e-child\" data-id=\"e7e9b04\" data-element_type=\"container\" data-e-type=\"container\" data-settings=\"{&quot;animation&quot;:&quot;fadeInUp&quot;}\">\n\t\t\t\t<div class=\"elementor-element elementor-element-3286778 elementor-widget elementor-widget-image\" data-id=\"3286778\" data-element_type=\"widget\" data-e-type=\"widget\" data-widget_type=\"image.default\">\n\t\t\t\t<div class=\"elementor-widget-container\">\n\t\t\t\t\t\t\t\t\t\t\t\t\t\t\t<img decoding=\"async\" width=\"800\" height=\"454\" data-src=\"https:\/\/falguero.com\/wp-content\/uploads\/2024\/04\/andorra0cover-1-1024x581.png\" class=\"attachment-large size-large wp-image-5682 lazyload\" alt=\"a snowy mountain with a road and blue sky\" data-srcset=\"https:\/\/falguero.com\/wp-content\/uploads\/2024\/04\/andorra0cover-1-1024x581.png 1024w, https:\/\/falguero.com\/wp-content\/uploads\/2024\/04\/andorra0cover-1-300x170.png 300w, https:\/\/falguero.com\/wp-content\/uploads\/2024\/04\/andorra0cover-1-768x436.png 768w, https:\/\/falguero.com\/wp-content\/uploads\/2024\/04\/andorra0cover-1.png 1200w\" data-sizes=\"(max-width: 800px) 100vw, 800px\" src=\"data:image\/svg+xml;base64,PHN2ZyB3aWR0aD0iMSIgaGVpZ2h0PSIxIiB4bWxucz0iaHR0cDovL3d3dy53My5vcmcvMjAwMC9zdmciPjwvc3ZnPg==\" style=\"--smush-placeholder-width: 800px; --smush-placeholder-aspect-ratio: 800\/454;\" \/>\t\t\t\t\t\t\t\t\t\t\t\t\t\t\t<\/div>\n\t\t\t\t<\/div>\n\t\t\t\t<div class=\"elementor-element elementor-element-325a45c elementor-widget elementor-widget-image\" data-id=\"325a45c\" data-element_type=\"widget\" data-e-type=\"widget\" data-widget_type=\"image.default\">\n\t\t\t\t<div class=\"elementor-widget-container\">\n\t\t\t\t\t\t\t\t\t\t\t\t\t\t\t<img decoding=\"async\" width=\"800\" height=\"454\" data-src=\"https:\/\/falguero.com\/wp-content\/uploads\/2024\/04\/andorra09-1024x581.png\" class=\"attachment-large size-large wp-image-1243 lazyload\" alt=\"\" data-srcset=\"https:\/\/falguero.com\/wp-content\/uploads\/2024\/04\/andorra09-1024x581.png 1024w, https:\/\/falguero.com\/wp-content\/uploads\/2024\/04\/andorra09-300x170.png 300w, https:\/\/falguero.com\/wp-content\/uploads\/2024\/04\/andorra09-768x436.png 768w, https:\/\/falguero.com\/wp-content\/uploads\/2024\/04\/andorra09.png 1200w\" data-sizes=\"(max-width: 800px) 100vw, 800px\" src=\"data:image\/svg+xml;base64,PHN2ZyB3aWR0aD0iMSIgaGVpZ2h0PSIxIiB4bWxucz0iaHR0cDovL3d3dy53My5vcmcvMjAwMC9zdmciPjwvc3ZnPg==\" style=\"--smush-placeholder-width: 800px; --smush-placeholder-aspect-ratio: 800\/454;\" \/>\t\t\t\t\t\t\t\t\t\t\t\t\t\t\t<\/div>\n\t\t\t\t<\/div>\n\t\t\t\t<\/div>\n\t\t\t\t<\/div>\n\t\t<div class=\"elementor-element elementor-element-8e31cb1 e-con-full e-flex e-con e-child\" data-id=\"8e31cb1\" data-element_type=\"container\" data-e-type=\"container\">\n\t\t\t\t<div class=\"elementor-element elementor-element-1734c95 animated-fast elementor-invisible elementor-widget elementor-widget-heading\" data-id=\"1734c95\" data-element_type=\"widget\" data-e-type=\"widget\" data-settings=\"{&quot;_animation&quot;:&quot;fadeInUp&quot;}\" data-widget_type=\"heading.default\">\n\t\t\t\t<div class=\"elementor-widget-container\">\n\t\t\t\t\t<h2 class=\"elementor-heading-title elementor-size-default\">Andorre, un paradis dans les Pyr\u00e9n\u00e9es<\/h2>\t\t\t\t<\/div>\n\t\t\t\t<\/div>\n\t\t\t\t<div class=\"elementor-element elementor-element-b859044 animated-fast elementor-invisible elementor-widget elementor-widget-text-editor\" data-id=\"b859044\" data-element_type=\"widget\" data-e-type=\"widget\" data-settings=\"{&quot;_animation&quot;:&quot;fadeInUp&quot;}\" data-widget_type=\"text-editor.default\">\n\t\t\t\t<div class=\"elementor-widget-container\">\n\t\t\t\t\t\t\t\t\t<div class=\"flex flex-grow flex-col max-w-full\">\n<div class=\"min-h-[20px] text-message flex flex-col items-start whitespace-pre-wrap break-words [.text-message+&amp;]:mt-5 juice:w-full juice:items-end overflow-x-auto gap-2\" dir=\"auto\" data-message-author-role=\"assistant\" data-message-id=\"f7d3f75d-e44a-4bd9-9b5d-f1c3a0b4aa91\">\n<div class=\"flex w-full flex-col gap-1 juice:empty:hidden juice:first:pt-[3px]\">\n<div class=\"markdown prose w-full break-words dark:prose-invert dark\">\n<p>L&rsquo;environnement naturel de l&rsquo;Andorre est vraiment spectaculaire.<br \/>\nEntour\u00e9 de montagnes majestueuses, ce pays offre un environnement serein et propre o\u00f9 vous pouvez profiter d&rsquo;un air frais et sain tous les jours.<br \/>\nLa beaut\u00e9 de ses paysages, avec ses lacs, ses for\u00eats et ses sentiers de randonn\u00e9e, offre d&rsquo;innombrables possibilit\u00e9s de se rapprocher de la nature et de pratiquer des activit\u00e9s de plein air.<br \/>\nQu&rsquo;il s&rsquo;agisse de pratiquer des sports d&rsquo;hiver dans ses stations de ski r\u00e9put\u00e9es ou d&rsquo;explorer les routes de montagne en \u00e9t\u00e9, l&rsquo;Andorre est l&rsquo;endroit id\u00e9al pour les amoureux de la nature.   <\/p>\n<\/div>\n<\/div>\n<\/div>\n<\/div>\n\t\t\t\t\t\t\t\t<\/div>\n\t\t\t\t<\/div>\n\t\t\t\t<div class=\"elementor-element elementor-element-b8724a2 elementor-align-left elementor-mobile-align-center animated-slow elementor-invisible elementor-widget elementor-widget-button\" data-id=\"b8724a2\" data-element_type=\"widget\" data-e-type=\"widget\" data-settings=\"{&quot;_animation&quot;:&quot;fadeInUp&quot;}\" data-widget_type=\"button.default\">\n\t\t\t\t<div class=\"elementor-widget-container\">\n\t\t\t\t\t\t\t\t\t<div class=\"elementor-button-wrapper\">\n\t\t\t\t\t<a class=\"elementor-button elementor-button-link elementor-size-sm elementor-animation-grow\" href=\"https:\/\/falguero.com\/fr\/logement\/\">\n\t\t\t\t\t\t<span class=\"elementor-button-content-wrapper\">\n\t\t\t\t\t\t\t\t\t<span class=\"elementor-button-text\">Voir les maisons<\/span>\n\t\t\t\t\t<\/span>\n\t\t\t\t\t<\/a>\n\t\t\t\t<\/div>\n\t\t\t\t\t\t\t\t<\/div>\n\t\t\t\t<\/div>\n\t\t\t\t<\/div>\n\t\t\t\t<\/div>\n\t\t<div class=\"elementor-element elementor-element-07a1c79 e-con-full e-flex e-con e-parent\" data-id=\"07a1c79\" data-element_type=\"container\" data-e-type=\"container\">\n\t\t\t\t<div class=\"elementor-element elementor-element-b555592 animated-fast elementor-invisible elementor-widget elementor-widget-heading\" data-id=\"b555592\" data-element_type=\"widget\" data-e-type=\"widget\" data-settings=\"{&quot;_animation&quot;:&quot;fadeInUp&quot;}\" data-widget_type=\"heading.default\">\n\t\t\t\t<div class=\"elementor-widget-container\">\n\t\t\t\t\t<h2 class=\"elementor-heading-title elementor-size-default\">Andorre, l'endroit id\u00e9al pour investir<\/h2>\t\t\t\t<\/div>\n\t\t\t\t<\/div>\n\t\t\t\t<div class=\"elementor-element elementor-element-84ecacb animated-fast elementor-invisible elementor-widget elementor-widget-text-editor\" data-id=\"84ecacb\" data-element_type=\"widget\" data-e-type=\"widget\" data-settings=\"{&quot;_animation&quot;:&quot;fadeInUp&quot;}\" data-widget_type=\"text-editor.default\">\n\t\t\t\t<div class=\"elementor-widget-container\">\n\t\t\t\t\t\t\t\t\t<div class=\"flex flex-grow flex-col max-w-full\">\n<div class=\"min-h-[20px] text-message flex flex-col items-start whitespace-pre-wrap break-words [.text-message+&amp;]:mt-5 juice:w-full juice:items-end overflow-x-auto gap-2\" dir=\"auto\" data-message-author-role=\"assistant\" data-message-id=\"f7d3f75d-e44a-4bd9-9b5d-f1c3a0b4aa91\">\n<div class=\"flex w-full flex-col gap-1 juice:empty:hidden juice:first:pt-[3px]\">\n<div class=\"markdown prose w-full break-words dark:prose-invert dark\">\n<div class=\"flex flex-grow flex-col max-w-full\">\n<div class=\"min-h-[20px] text-message flex flex-col items-start whitespace-pre-wrap break-words [.text-message+&amp;]:mt-5 juice:w-full juice:items-end overflow-x-auto gap-2\" dir=\"auto\" data-message-author-role=\"assistant\" data-message-id=\"6b5566bc-ec4e-4a3d-818a-b88e11d2ea5f\">\n<div class=\"flex w-full flex-col gap-1 juice:empty:hidden juice:first:pt-[3px]\">\n<div class=\"markdown prose w-full break-words dark:prose-invert dark\">\n<p>L&rsquo;un des principaux attraits de la r\u00e9sidence en Andorre est son r\u00e9gime fiscal favorable, caract\u00e9ris\u00e9 par des imp\u00f4ts peu \u00e9lev\u00e9s et une stabilit\u00e9 politique et \u00e9conomique de premier ordre.<br \/>\nCela fait du pays une destination id\u00e9ale pour ceux qui souhaitent investir dans l&rsquo;immobilier et s&rsquo;assurer un avenir financier solide. <\/p>\n<\/div>\n<\/div>\n<p>L&rsquo;Andorre est un endroit exceptionnel qui allie un environnement naturel \u00e9poustouflant \u00e0 la possibilit\u00e9 d&rsquo;acqu\u00e9rir une maison moderne et de profiter d&rsquo;une vie de qualit\u00e9.<br \/>\nQue vous cherchiez \u00e0 fuir l&rsquo;agitation de la ville ou \u00e0 r\u00e9aliser un investissement s\u00fbr, l&rsquo;Andorre vous offre tout ce dont vous avez besoin pour r\u00e9aliser vos r\u00eaves.<br \/>\nD\u00e9couvrez les merveilles de la vie dans ce paradis pyr\u00e9n\u00e9en.  <\/p>\n<\/div>\n<\/div>\n<\/div>\n<\/div>\n<\/div>\n<\/div>\n\t\t\t\t\t\t\t\t<\/div>\n\t\t\t\t<\/div>\n\t\t\t\t<\/div>\n\t\t<div class=\"elementor-element elementor-element-dd82bc6 e-con-full e-flex e-con e-parent\" data-id=\"dd82bc6\" data-element_type=\"container\" data-e-type=\"container\">\n\t\t<div class=\"elementor-element elementor-element-a60c0a9 e-con-full e-flex e-con e-child\" data-id=\"a60c0a9\" data-element_type=\"container\" data-e-type=\"container\">\n\t\t\t\t<div class=\"elementor-element elementor-element-d3b3c25 elementor-widget elementor-widget-google_maps\" data-id=\"d3b3c25\" data-element_type=\"widget\" data-e-type=\"widget\" data-widget_type=\"google_maps.default\">\n\t\t\t\t<div class=\"elementor-widget-container\">\n\t\t\t\t\t\t\t<div class=\"elementor-custom-embed\">\n\t\t\t<iframe\n\t\t\t\t\tdata-src=\"https:\/\/maps.google.com\/maps?q=AV%20MERITXELL%2C%20%28GALERIES%20MERITXELL%29%2C%20NUMERO%209%2C%20PLANTA%205%20DESPATX%206.5-6.8.%20ANDORRA%20LA%20VELLA%20AD500.&#038;t=m&#038;z=10&#038;output=embed&#038;iwloc=near\"\n\t\t\t\t\ttitle=\"AV MERITXELL, (GALERIES MERITXELL), NUMERO 9, PLANTA 5 DESPATX 6.5-6.8. ANDORRA LA VELLA AD500.\"\n\t\t\t\t\taria-label=\"AV MERITXELL, (GALERIES MERITXELL), NUMERO 9, PLANTA 5 DESPATX 6.5-6.8. ANDORRA LA VELLA AD500.\"\n\t\t\t src=\"data:image\/svg+xml;base64,PHN2ZyB3aWR0aD0iMSIgaGVpZ2h0PSIxIiB4bWxucz0iaHR0cDovL3d3dy53My5vcmcvMjAwMC9zdmciPjwvc3ZnPg==\" class=\"lazyload\" data-load-mode=\"1\"><\/iframe>\n\t\t<\/div>\n\t\t\t\t\t\t<\/div>\n\t\t\t\t<\/div>\n\t\t\t\t<\/div>\n\t\t<div class=\"elementor-element elementor-element-8bf2d6d e-flex e-con-boxed e-con e-child\" data-id=\"8bf2d6d\" data-element_type=\"container\" data-e-type=\"container\" data-settings=\"{&quot;background_background&quot;:&quot;classic&quot;}\">\n\t\t\t\t\t<div class=\"e-con-inner\">\n\t\t<div class=\"elementor-element elementor-element-9cfdf4f e-con-full e-flex elementor-invisible e-con e-child\" data-id=\"9cfdf4f\" data-element_type=\"container\" data-e-type=\"container\" data-settings=\"{&quot;animation&quot;:&quot;zoomIn&quot;,&quot;background_background&quot;:&quot;classic&quot;}\">\n\t\t<div class=\"elementor-element elementor-element-3228de4 e-con-full e-flex e-con e-child\" data-id=\"3228de4\" data-element_type=\"container\" data-e-type=\"container\" data-settings=\"{&quot;background_background&quot;:&quot;classic&quot;}\">\n\t\t<div class=\"elementor-element elementor-element-538595f e-con-full e-flex e-con e-child\" data-id=\"538595f\" data-element_type=\"container\" data-e-type=\"container\" data-settings=\"{&quot;background_background&quot;:&quot;classic&quot;}\">\n\t\t\t\t<div class=\"elementor-element elementor-element-202dca8 elementor-widget elementor-widget-heading\" data-id=\"202dca8\" data-element_type=\"widget\" data-e-type=\"widget\" data-widget_type=\"heading.default\">\n\t\t\t\t<div class=\"elementor-widget-container\">\n\t\t\t\t\t<h5 class=\"elementor-heading-title elementor-size-default\">Vous avez besoin d'aide ou vous avez des questions ?<\/h5>\t\t\t\t<\/div>\n\t\t\t\t<\/div>\n\t\t\t\t<div class=\"elementor-element elementor-element-d5c92f4 elementor-widget elementor-widget-text-editor\" data-id=\"d5c92f4\" data-element_type=\"widget\" data-e-type=\"widget\" data-widget_type=\"text-editor.default\">\n\t\t\t\t<div class=\"elementor-widget-container\">\n\t\t\t\t\t\t\t\t\t<p>Si vous avez besoin de plus d&rsquo;informations ou si vous avez simplement une question, n&rsquo;h\u00e9sitez pas \u00e0 remplir le formulaire de contact.<br \/>\nNous sommes l\u00e0 pour vous aider et vous r\u00e9pondrons dans les plus brefs d\u00e9lais. <\/p>\n\t\t\t\t\t\t\t\t<\/div>\n\t\t\t\t<\/div>\n\t\t\t\t<\/div>\n\t\t<div class=\"elementor-element elementor-element-96e480c e-con-full e-flex e-con e-child\" data-id=\"96e480c\" data-element_type=\"container\" data-e-type=\"container\">\n\t\t\t\t<div class=\"elementor-element elementor-element-d832f66 elementor-button-align-stretch elementor-widget elementor-widget-form\" data-id=\"d832f66\" data-element_type=\"widget\" data-e-type=\"widget\" data-settings=\"{&quot;step_next_label&quot;:&quot;Suivant&quot;,&quot;step_previous_label&quot;:&quot;Pr\\u00e9c\\u00e9dent&quot;,&quot;button_width&quot;:&quot;100&quot;,&quot;step_type&quot;:&quot;number_text&quot;,&quot;step_icon_shape&quot;:&quot;circle&quot;}\" data-widget_type=\"form.default\">\n\t\t\t\t<div class=\"elementor-widget-container\">\n\t\t\t\t\t\t\t<form class=\"elementor-form\" method=\"post\" name=\"Nouveau formulaire\" aria-label=\"Nouveau formulaire\">\n\t\t\t<input type=\"hidden\" name=\"post_id\" value=\"4680\"\/>\n\t\t\t<input type=\"hidden\" name=\"form_id\" value=\"d832f66\"\/>\n\t\t\t<input type=\"hidden\" name=\"referer_title\" value=\"Andorre - Falguer\u00f3 Valley View - Andorra\" \/>\n\n\t\t\t\t\t\t\t<input type=\"hidden\" name=\"queried_id\" value=\"4680\"\/>\n\t\t\t\n\t\t\t<div class=\"elementor-form-fields-wrapper elementor-labels-\">\n\t\t\t\t\t\t\t\t<div class=\"elementor-field-type-text elementor-field-group elementor-column elementor-field-group-name elementor-col-100\">\n\t\t\t\t\t\t\t\t\t\t\t\t<label for=\"form-field-name\" class=\"elementor-field-label elementor-screen-only\">\n\t\t\t\t\t\t\t\tNom\t\t\t\t\t\t\t<\/label>\n\t\t\t\t\t\t\t\t\t\t\t\t\t\t<input size=\"1\" type=\"text\" name=\"form_fields[name]\" id=\"form-field-name\" class=\"elementor-field elementor-size-xs  elementor-field-textual\" placeholder=\"Nom\">\n\t\t\t\t\t\t\t\t\t\t\t<\/div>\n\t\t\t\t\t\t\t\t<div class=\"elementor-field-type-email elementor-field-group elementor-column elementor-field-group-email elementor-col-100 elementor-field-required\">\n\t\t\t\t\t\t\t\t\t\t\t\t<label for=\"form-field-email\" class=\"elementor-field-label elementor-screen-only\">\n\t\t\t\t\t\t\t\tAdresse \u00e9lectronique\t\t\t\t\t\t\t<\/label>\n\t\t\t\t\t\t\t\t\t\t\t\t\t\t<input size=\"1\" type=\"email\" name=\"form_fields[email]\" id=\"form-field-email\" class=\"elementor-field elementor-size-xs  elementor-field-textual\" placeholder=\"Adresse \u00e9lectronique\" required=\"required\">\n\t\t\t\t\t\t\t\t\t\t\t<\/div>\n\t\t\t\t\t\t\t\t<div class=\"elementor-field-type-tel elementor-field-group elementor-column elementor-field-group-field_43787ff elementor-col-100\">\n\t\t\t\t\t\t\t\t\t\t\t\t<label for=\"form-field-field_43787ff\" class=\"elementor-field-label elementor-screen-only\">\n\t\t\t\t\t\t\t\tT\u00e9l\t\t\t\t\t\t\t<\/label>\n\t\t\t\t\t\t\t\t<input size=\"1\" type=\"tel\" name=\"form_fields[field_43787ff]\" id=\"form-field-field_43787ff\" class=\"elementor-field elementor-size-xs  elementor-field-textual\" placeholder=\"T\u00e9l\u00e9phone\" pattern=\"[0-9()#&amp;+*-=.]+\" title=\"Seuls les caract\u00e8res de num\u00e9ros de t\u00e9l\u00e9phone (#, -, *, etc.) sont accept\u00e9s.\">\n\n\t\t\t\t\t\t<\/div>\n\t\t\t\t\t\t\t\t<div class=\"elementor-field-type-textarea elementor-field-group elementor-column elementor-field-group-field_3b885a2 elementor-col-100\">\n\t\t\t\t\t\t\t\t\t\t\t\t<label for=\"form-field-field_3b885a2\" class=\"elementor-field-label elementor-screen-only\">\n\t\t\t\t\t\t\t\tMessage\t\t\t\t\t\t\t<\/label>\n\t\t\t\t\t\t<textarea class=\"elementor-field-textual elementor-field  elementor-size-xs\" name=\"form_fields[field_3b885a2]\" id=\"form-field-field_3b885a2\" rows=\"4\" placeholder=\"Message\"><\/textarea>\t\t\t\t<\/div>\n\t\t\t\t\t\t\t\t<div class=\"elementor-field-type-acceptance elementor-field-group elementor-column elementor-field-group-field_c6c7d41 elementor-col-100 elementor-field-required\">\n\t\t\t\t\t\t\t\t\t\t\t\t<label for=\"form-field-field_c6c7d41\" class=\"elementor-field-label elementor-screen-only\">\n\t\t\t\t\t\t\t\tPolitique de confidentialit\u00e9\t\t\t\t\t\t\t<\/label>\n\t\t\t\t\t\t\t\t<div class=\"elementor-field-subgroup\">\n\t\t\t<span class=\"elementor-field-option\">\n\t\t\t\t<input type=\"checkbox\" name=\"form_fields[field_c6c7d41]\" id=\"form-field-field_c6c7d41\" class=\"elementor-field elementor-size-xs  elementor-acceptance-field\" required=\"required\">\n\t\t\t\t<label for=\"form-field-field_c6c7d41\">J'ai lu et j'accepte la <a href=\"https:\/\/falguero.com\/fr\/politique-de-confidentialite\/\" style=\"color: #C99634;\" target=\"_blank\" rel=\"noopener noreferrer\">politique de confidentialit\u00e9<\/a>\n<\/label>\t\t\t<\/span>\n\t\t<\/div>\n\t\t\t\t\t\t<\/div>\n\t\t\t\t\t\t\t\t<div class=\"elementor-field-type-recaptcha_v3 elementor-field-group elementor-column elementor-field-group-field_8378c6d elementor-col-100 recaptcha_v3-inline\">\n\t\t\t\t\t<div class=\"elementor-field\" id=\"form-field-field_8378c6d\"><div class=\"elementor-g-recaptcha\" data-sitekey=\"6LfdYyAqAAAAAARHh9P-7NaVcYyOYzQ0TyO2aN2x\" data-type=\"v3\" data-action=\"Form\" data-badge=\"inline\" data-size=\"invisible\"><\/div><\/div>\t\t\t\t<\/div>\n\t\t\t\t\t\t\t\t<div class=\"elementor-field-group elementor-column elementor-field-type-submit elementor-col-100 e-form__buttons\">\n\t\t\t\t\t<button class=\"elementor-button elementor-size-md elementor-animation-grow\" type=\"submit\">\n\t\t\t\t\t\t<span class=\"elementor-button-content-wrapper\">\n\t\t\t\t\t\t\t\t\t\t\t\t\t\t\t\t\t\t\t\t\t\t<span class=\"elementor-button-text\">Demande d'information<\/span>\n\t\t\t\t\t\t\t\t\t\t\t\t\t<\/span>\n\t\t\t\t\t<\/button>\n\t\t\t\t<\/div>\n\t\t\t<\/div>\n\t\t<\/form>\n\t\t\t\t\t\t<\/div>\n\t\t\t\t<\/div>\n\t\t\t\t<\/div>\n\t\t\t\t<\/div>\n\t\t\t\t<\/div>\n\t\t\t\t\t<\/div>\n\t\t\t\t<\/div>\n\t\t\t\t<\/div>\n\t\t\t\t<\/div>\n\t\t","protected":false},"excerpt":{"rendered":"<p>EL FALGUER\u00d3ANDORRA El Falguer\u00f3Andorra Andorre, un paradis dans les Pyr\u00e9n\u00e9es L&rsquo;environnement naturel de l&rsquo;Andorre est vraiment spectaculaire. Entour\u00e9 de montagnes majestueuses, ce pays offre un environnement serein et propre o\u00f9 vous pouvez profiter d&rsquo;un air frais et sain tous les jours. La beaut\u00e9 de ses paysages, avec ses lacs, ses for\u00eats et ses sentiers de [&hellip;]<\/p>\n","protected":false},"author":2,"featured_media":0,"parent":0,"menu_order":0,"comment_status":"closed","ping_status":"closed","template":"elementor_header_footer","meta":{"footnotes":""},"class_list":["post-4680","page","type-page","status-publish","hentry"],"_links":{"self":[{"href":"https:\/\/falguero.com\/fr\/wp-json\/wp\/v2\/pages\/4680","targetHints":{"allow":["GET"]}}],"collection":[{"href":"https:\/\/falguero.com\/fr\/wp-json\/wp\/v2\/pages"}],"about":[{"href":"https:\/\/falguero.com\/fr\/wp-json\/wp\/v2\/types\/page"}],"author":[{"embeddable":true,"href":"https:\/\/falguero.com\/fr\/wp-json\/wp\/v2\/users\/2"}],"replies":[{"embeddable":true,"href":"https:\/\/falguero.com\/fr\/wp-json\/wp\/v2\/comments?post=4680"}],"version-history":[{"count":7,"href":"https:\/\/falguero.com\/fr\/wp-json\/wp\/v2\/pages\/4680\/revisions"}],"predecessor-version":[{"id":5314,"href":"https:\/\/falguero.com\/fr\/wp-json\/wp\/v2\/pages\/4680\/revisions\/5314"}],"wp:attachment":[{"href":"https:\/\/falguero.com\/fr\/wp-json\/wp\/v2\/media?parent=4680"}],"curies":[{"name":"wp","href":"https:\/\/api.w.org\/{rel}","templated":true}]}}